{"id":71758,"date":"2025-04-02T11:31:06","date_gmt":"2025-04-02T08:31:06","guid":{"rendered":"https:\/\/affise.com\/pricing-2\/"},"modified":"2026-04-02T09:25:33","modified_gmt":"2026-04-02T06:25:33","slug":"pricing","status":"publish","type":"page","link":"https:\/\/affise.com\/pt\/pricing\/","title":{"rendered":"Pricing"},"content":{"rendered":"","protected":false},"excerpt":{"rendered":"","protected":false},"author":53,"featured_media":0,"parent":0,"menu_order":0,"comment_status":"closed","ping_status":"closed","template":"templates\/page-pricing-demo.php","meta":{"_acf_changed":false,"content-type":"","inline_featured_image":false,"footnotes":""},"acf":[],"yoast_head":"<!-- This site is optimized with the Yoast SEO plugin v22.2 - https:\/\/yoast.com\/wordpress\/plugins\/seo\/ -->\n<title>Planos Affise: Escolha a Solu\u00e7\u00e3o Ideal para Voc\u00ea<\/title>\n<meta name=\"description\" content=\"Compare os planos da Affise\u2014Performance, Reach e MMP. Descubra recursos, pre\u00e7os e benef\u00edcios para escalar seu marketing de parcerias com efici\u00eancia.\" \/>\n<meta name=\"robots\" content=\"index, follow, max-snippet:-1, max-image-preview:large, max-video-preview:-1\" \/>\n<link rel=\"canonical\" href=\"https:\/\/affise.com\/pt\/pricing\/\" \/>\n<meta property=\"og:locale\" content=\"pt_PT\" \/>\n<meta property=\"og:type\" content=\"article\" \/>\n<meta property=\"og:title\" content=\"Planos Affise: Escolha a Solu\u00e7\u00e3o Ideal para Voc\u00ea\" \/>\n<meta property=\"og:description\" content=\"Compare os planos da Affise\u2014Performance, Reach e MMP. Descubra recursos, pre\u00e7os e benef\u00edcios para escalar seu marketing de parcerias com efici\u00eancia.\" \/>\n<meta property=\"og:url\" content=\"https:\/\/affise.com\/pt\/pricing\/\" \/>\n<meta property=\"og:site_name\" content=\"Affise\" \/>\n<meta property=\"article:publisher\" content=\"https:\/\/www.facebook.com\/getaffise\" \/>\n<meta property=\"article:modified_time\" content=\"2026-04-02T06:25:33+00:00\" \/>\n<meta name=\"twitter:card\" content=\"summary_large_image\" \/>\n<meta name=\"twitter:site\" content=\"@GetAffise\" \/>\n<script type=\"application\/ld+json\" class=\"yoast-schema-graph\">{\"@context\":\"https:\/\/schema.org\",\"@graph\":[{\"@type\":\"WebPage\",\"@id\":\"https:\/\/affise.com\/pt\/pricing\/\",\"url\":\"https:\/\/affise.com\/pt\/pricing\/\",\"name\":\"Planos Affise: Escolha a Solu\u00e7\u00e3o Ideal para Voc\u00ea\",\"isPartOf\":{\"@id\":\"https:\/\/affise.com\/pt\/#website\"},\"datePublished\":\"2025-04-02T08:31:06+00:00\",\"dateModified\":\"2026-04-02T06:25:33+00:00\",\"description\":\"Compare os planos da Affise\u2014Performance, Reach e MMP. Descubra recursos, pre\u00e7os e benef\u00edcios para escalar seu marketing de parcerias com efici\u00eancia.\",\"breadcrumb\":{\"@id\":\"https:\/\/affise.com\/pt\/pricing\/#breadcrumb\"},\"inLanguage\":\"pt-PT\",\"potentialAction\":[{\"@type\":\"ReadAction\",\"target\":[\"https:\/\/affise.com\/pt\/pricing\/\"]}]},{\"@type\":\"BreadcrumbList\",\"@id\":\"https:\/\/affise.com\/pt\/pricing\/#breadcrumb\",\"itemListElement\":[{\"@type\":\"ListItem\",\"position\":1,\"name\":\"Home\",\"item\":\"https:\/\/affise.com\/pt\/\"},{\"@type\":\"ListItem\",\"position\":2,\"name\":\"Pricing\"}]},{\"@type\":\"WebSite\",\"@id\":\"https:\/\/affise.com\/pt\/#website\",\"url\":\"https:\/\/affise.com\/pt\/\",\"name\":\"Affise\",\"description\":\"Performance Marketing &amp; Mobile Attribution Platform\",\"publisher\":{\"@id\":\"https:\/\/affise.com\/pt\/#organization\"},\"potentialAction\":[{\"@type\":\"SearchAction\",\"target\":{\"@type\":\"EntryPoint\",\"urlTemplate\":\"https:\/\/affise.com\/pt\/?s={search_term_string}\"},\"query-input\":\"required name=search_term_string\"}],\"inLanguage\":\"pt-PT\"},{\"@type\":\"Organization\",\"@id\":\"https:\/\/affise.com\/pt\/#organization\",\"name\":\"Affise Technologies Ltd\",\"alternateName\":\"Affise\",\"url\":\"https:\/\/affise.com\/pt\/\",\"logo\":{\"@type\":\"ImageObject\",\"inLanguage\":\"pt-PT\",\"@id\":\"https:\/\/affise.com\/pt\/#\/schema\/logo\/image\/\",\"url\":\"https:\/\/affise.com\/wp-content\/uploads\/2021\/09\/affise-logo-banner.jpg\",\"contentUrl\":\"https:\/\/affise.com\/wp-content\/uploads\/2021\/09\/affise-logo-banner.jpg\",\"width\":1080,\"height\":1080,\"caption\":\"Affise Technologies Ltd\"},\"image\":{\"@id\":\"https:\/\/affise.com\/pt\/#\/schema\/logo\/image\/\"},\"sameAs\":[\"https:\/\/www.facebook.com\/getaffise\",\"https:\/\/twitter.com\/GetAffise\",\"https:\/\/www.instagram.com\/getaffise\/\",\"https:\/\/www.linkedin.com\/company\/affise-com\/\",\"https:\/\/medium.com\/@affise\",\"https:\/\/www.youtube.com\/channel\/UCkSVBagxxJzOxhmQ1KXAzPw\"]}]}<\/script>\n<!-- \/ Yoast SEO plugin. -->","yoast_head_json":{"title":"Planos Affise: Escolha a Solu\u00e7\u00e3o Ideal para Voc\u00ea","description":"Compare os planos da Affise\u2014Performance, Reach e MMP. Descubra recursos, pre\u00e7os e benef\u00edcios para escalar seu marketing de parcerias com efici\u00eancia.","robots":{"index":"index","follow":"follow","max-snippet":"max-snippet:-1","max-image-preview":"max-image-preview:large","max-video-preview":"max-video-preview:-1"},"canonical":"https:\/\/affise.com\/pt\/pricing\/","og_locale":"pt_PT","og_type":"article","og_title":"Planos Affise: Escolha a Solu\u00e7\u00e3o Ideal para Voc\u00ea","og_description":"Compare os planos da Affise\u2014Performance, Reach e MMP. Descubra recursos, pre\u00e7os e benef\u00edcios para escalar seu marketing de parcerias com efici\u00eancia.","og_url":"https:\/\/affise.com\/pt\/pricing\/","og_site_name":"Affise","article_publisher":"https:\/\/www.facebook.com\/getaffise","article_modified_time":"2026-04-02T06:25:33+00:00","twitter_card":"summary_large_image","twitter_site":"@GetAffise","schema":{"@context":"https:\/\/schema.org","@graph":[{"@type":"WebPage","@id":"https:\/\/affise.com\/pt\/pricing\/","url":"https:\/\/affise.com\/pt\/pricing\/","name":"Planos Affise: Escolha a Solu\u00e7\u00e3o Ideal para Voc\u00ea","isPartOf":{"@id":"https:\/\/affise.com\/pt\/#website"},"datePublished":"2025-04-02T08:31:06+00:00","dateModified":"2026-04-02T06:25:33+00:00","description":"Compare os planos da Affise\u2014Performance, Reach e MMP. Descubra recursos, pre\u00e7os e benef\u00edcios para escalar seu marketing de parcerias com efici\u00eancia.","breadcrumb":{"@id":"https:\/\/affise.com\/pt\/pricing\/#breadcrumb"},"inLanguage":"pt-PT","potentialAction":[{"@type":"ReadAction","target":["https:\/\/affise.com\/pt\/pricing\/"]}]},{"@type":"BreadcrumbList","@id":"https:\/\/affise.com\/pt\/pricing\/#breadcrumb","itemListElement":[{"@type":"ListItem","position":1,"name":"Home","item":"https:\/\/affise.com\/pt\/"},{"@type":"ListItem","position":2,"name":"Pricing"}]},{"@type":"WebSite","@id":"https:\/\/affise.com\/pt\/#website","url":"https:\/\/affise.com\/pt\/","name":"Affise","description":"Performance Marketing &amp; Mobile Attribution Platform","publisher":{"@id":"https:\/\/affise.com\/pt\/#organization"},"potentialAction":[{"@type":"SearchAction","target":{"@type":"EntryPoint","urlTemplate":"https:\/\/affise.com\/pt\/?s={search_term_string}"},"query-input":"required name=search_term_string"}],"inLanguage":"pt-PT"},{"@type":"Organization","@id":"https:\/\/affise.com\/pt\/#organization","name":"Affise Technologies Ltd","alternateName":"Affise","url":"https:\/\/affise.com\/pt\/","logo":{"@type":"ImageObject","inLanguage":"pt-PT","@id":"https:\/\/affise.com\/pt\/#\/schema\/logo\/image\/","url":"https:\/\/affise.com\/wp-content\/uploads\/2021\/09\/affise-logo-banner.jpg","contentUrl":"https:\/\/affise.com\/wp-content\/uploads\/2021\/09\/affise-logo-banner.jpg","width":1080,"height":1080,"caption":"Affise Technologies Ltd"},"image":{"@id":"https:\/\/affise.com\/pt\/#\/schema\/logo\/image\/"},"sameAs":["https:\/\/www.facebook.com\/getaffise","https:\/\/twitter.com\/GetAffise","https:\/\/www.instagram.com\/getaffise\/","https:\/\/www.linkedin.com\/company\/affise-com\/","https:\/\/medium.com\/@affise","https:\/\/www.youtube.com\/channel\/UCkSVBagxxJzOxhmQ1KXAzPw"]}]}},"_links":{"self":[{"href":"https:\/\/affise.com\/pt\/wp-json\/wp\/v2\/pages\/71758"}],"collection":[{"href":"https:\/\/affise.com\/pt\/wp-json\/wp\/v2\/pages"}],"about":[{"href":"https:\/\/affise.com\/pt\/wp-json\/wp\/v2\/types\/page"}],"author":[{"embeddable":true,"href":"https:\/\/affise.com\/pt\/wp-json\/wp\/v2\/users\/53"}],"replies":[{"embeddable":true,"href":"https:\/\/affise.com\/pt\/wp-json\/wp\/v2\/comments?post=71758"}],"version-history":[{"count":1,"href":"https:\/\/affise.com\/pt\/wp-json\/wp\/v2\/pages\/71758\/revisions"}],"predecessor-version":[{"id":81234,"href":"https:\/\/affise.com\/pt\/wp-json\/wp\/v2\/pages\/71758\/revisions\/81234"}],"wp:attachment":[{"href":"https:\/\/affise.com\/pt\/wp-json\/wp\/v2\/media?parent=71758"}],"curies":[{"name":"wp","href":"https:\/\/api.w.org\/{rel}","templated":true}]}}