{"id":71037,"date":"2025-02-25T16:52:14","date_gmt":"2025-02-25T13:52:14","guid":{"rendered":"https:\/\/affise.com\/agency-partners-2\/"},"modified":"2025-06-24T15:08:11","modified_gmt":"2025-06-24T12:08:11","slug":"agency-partners-2","status":"publish","type":"page","link":"https:\/\/affise.com\/pt\/agency-partners\/","title":{"rendered":"Agency Partners"},"content":{"rendered":"","protected":false},"excerpt":{"rendered":"","protected":false},"author":53,"featured_media":0,"parent":0,"menu_order":0,"comment_status":"closed","ping_status":"closed","template":"templates\/page-agency-partners.php","meta":{"_acf_changed":false,"content-type":"","inline_featured_image":false,"footnotes":""},"acf":[],"yoast_head":"<!-- This site is optimized with the Yoast SEO plugin v22.2 - https:\/\/yoast.com\/wordpress\/plugins\/seo\/ -->\n<title>Affise para Ag\u00eancias: Cres\u00e7a com Parcerias Estrat\u00e9gicas<\/title>\n<meta name=\"description\" content=\"Junte-se ao programa de ag\u00eancias da Affise: amplie canais de crescimento, aumente margens e destaque-se com certifica\u00e7\u00e3o e ferramentas de desempenho.\" \/>\n<meta name=\"robots\" content=\"index, follow, max-snippet:-1, max-image-preview:large, max-video-preview:-1\" \/>\n<link rel=\"canonical\" href=\"https:\/\/affise.com\/pt\/agency-partners\/\" \/>\n<meta property=\"og:locale\" content=\"pt_PT\" \/>\n<meta property=\"og:type\" content=\"article\" \/>\n<meta property=\"og:title\" content=\"Affise para Ag\u00eancias: Cres\u00e7a com Parcerias Estrat\u00e9gicas\" \/>\n<meta property=\"og:description\" content=\"Junte-se ao programa de ag\u00eancias da Affise: amplie canais de crescimento, aumente margens e destaque-se com certifica\u00e7\u00e3o e ferramentas de desempenho.\" \/>\n<meta property=\"og:url\" content=\"https:\/\/affise.com\/pt\/agency-partners\/\" \/>\n<meta property=\"og:site_name\" content=\"Affise\" \/>\n<meta property=\"article:publisher\" content=\"https:\/\/www.facebook.com\/getaffise\" \/>\n<meta property=\"article:modified_time\" content=\"2025-06-24T12:08:11+00:00\" \/>\n<meta name=\"twitter:card\" content=\"summary_large_image\" \/>\n<meta name=\"twitter:site\" content=\"@GetAffise\" \/>\n<script type=\"application\/ld+json\" class=\"yoast-schema-graph\">{\"@context\":\"https:\/\/schema.org\",\"@graph\":[{\"@type\":\"WebPage\",\"@id\":\"https:\/\/affise.com\/pt\/agency-partners\/\",\"url\":\"https:\/\/affise.com\/pt\/agency-partners\/\",\"name\":\"Affise para Ag\u00eancias: Cres\u00e7a com Parcerias Estrat\u00e9gicas\",\"isPartOf\":{\"@id\":\"https:\/\/affise.com\/pt\/#website\"},\"datePublished\":\"2025-02-25T13:52:14+00:00\",\"dateModified\":\"2025-06-24T12:08:11+00:00\",\"description\":\"Junte-se ao programa de ag\u00eancias da Affise: amplie canais de crescimento, aumente margens e destaque-se com certifica\u00e7\u00e3o e ferramentas de desempenho.\",\"breadcrumb\":{\"@id\":\"https:\/\/affise.com\/pt\/agency-partners\/#breadcrumb\"},\"inLanguage\":\"pt-PT\",\"potentialAction\":[{\"@type\":\"ReadAction\",\"target\":[\"https:\/\/affise.com\/pt\/agency-partners\/\"]}]},{\"@type\":\"BreadcrumbList\",\"@id\":\"https:\/\/affise.com\/pt\/agency-partners\/#breadcrumb\",\"itemListElement\":[{\"@type\":\"ListItem\",\"position\":1,\"name\":\"Home\",\"item\":\"https:\/\/affise.com\/pt\/\"},{\"@type\":\"ListItem\",\"position\":2,\"name\":\"Agency Partners\"}]},{\"@type\":\"WebSite\",\"@id\":\"https:\/\/affise.com\/pt\/#website\",\"url\":\"https:\/\/affise.com\/pt\/\",\"name\":\"Affise\",\"description\":\"Performance Marketing &amp; Mobile Attribution Platform\",\"publisher\":{\"@id\":\"https:\/\/affise.com\/pt\/#organization\"},\"potentialAction\":[{\"@type\":\"SearchAction\",\"target\":{\"@type\":\"EntryPoint\",\"urlTemplate\":\"https:\/\/affise.com\/pt\/?s={search_term_string}\"},\"query-input\":\"required name=search_term_string\"}],\"inLanguage\":\"pt-PT\"},{\"@type\":\"Organization\",\"@id\":\"https:\/\/affise.com\/pt\/#organization\",\"name\":\"Affise Technologies Ltd\",\"alternateName\":\"Affise\",\"url\":\"https:\/\/affise.com\/pt\/\",\"logo\":{\"@type\":\"ImageObject\",\"inLanguage\":\"pt-PT\",\"@id\":\"https:\/\/affise.com\/pt\/#\/schema\/logo\/image\/\",\"url\":\"https:\/\/affise.com\/wp-content\/uploads\/2021\/09\/affise-logo-banner.jpg\",\"contentUrl\":\"https:\/\/affise.com\/wp-content\/uploads\/2021\/09\/affise-logo-banner.jpg\",\"width\":1080,\"height\":1080,\"caption\":\"Affise Technologies Ltd\"},\"image\":{\"@id\":\"https:\/\/affise.com\/pt\/#\/schema\/logo\/image\/\"},\"sameAs\":[\"https:\/\/www.facebook.com\/getaffise\",\"https:\/\/twitter.com\/GetAffise\",\"https:\/\/www.instagram.com\/getaffise\/\",\"https:\/\/www.linkedin.com\/company\/affise-com\/\",\"https:\/\/medium.com\/@affise\",\"https:\/\/www.youtube.com\/channel\/UCkSVBagxxJzOxhmQ1KXAzPw\"]}]}<\/script>\n<!-- \/ Yoast SEO plugin. -->","yoast_head_json":{"title":"Affise para Ag\u00eancias: Cres\u00e7a com Parcerias Estrat\u00e9gicas","description":"Junte-se ao programa de ag\u00eancias da Affise: amplie canais de crescimento, aumente margens e destaque-se com certifica\u00e7\u00e3o e ferramentas de desempenho.","robots":{"index":"index","follow":"follow","max-snippet":"max-snippet:-1","max-image-preview":"max-image-preview:large","max-video-preview":"max-video-preview:-1"},"canonical":"https:\/\/affise.com\/pt\/agency-partners\/","og_locale":"pt_PT","og_type":"article","og_title":"Affise para Ag\u00eancias: Cres\u00e7a com Parcerias Estrat\u00e9gicas","og_description":"Junte-se ao programa de ag\u00eancias da Affise: amplie canais de crescimento, aumente margens e destaque-se com certifica\u00e7\u00e3o e ferramentas de desempenho.","og_url":"https:\/\/affise.com\/pt\/agency-partners\/","og_site_name":"Affise","article_publisher":"https:\/\/www.facebook.com\/getaffise","article_modified_time":"2025-06-24T12:08:11+00:00","twitter_card":"summary_large_image","twitter_site":"@GetAffise","schema":{"@context":"https:\/\/schema.org","@graph":[{"@type":"WebPage","@id":"https:\/\/affise.com\/pt\/agency-partners\/","url":"https:\/\/affise.com\/pt\/agency-partners\/","name":"Affise para Ag\u00eancias: Cres\u00e7a com Parcerias Estrat\u00e9gicas","isPartOf":{"@id":"https:\/\/affise.com\/pt\/#website"},"datePublished":"2025-02-25T13:52:14+00:00","dateModified":"2025-06-24T12:08:11+00:00","description":"Junte-se ao programa de ag\u00eancias da Affise: amplie canais de crescimento, aumente margens e destaque-se com certifica\u00e7\u00e3o e ferramentas de desempenho.","breadcrumb":{"@id":"https:\/\/affise.com\/pt\/agency-partners\/#breadcrumb"},"inLanguage":"pt-PT","potentialAction":[{"@type":"ReadAction","target":["https:\/\/affise.com\/pt\/agency-partners\/"]}]},{"@type":"BreadcrumbList","@id":"https:\/\/affise.com\/pt\/agency-partners\/#breadcrumb","itemListElement":[{"@type":"ListItem","position":1,"name":"Home","item":"https:\/\/affise.com\/pt\/"},{"@type":"ListItem","position":2,"name":"Agency Partners"}]},{"@type":"WebSite","@id":"https:\/\/affise.com\/pt\/#website","url":"https:\/\/affise.com\/pt\/","name":"Affise","description":"Performance Marketing &amp; Mobile Attribution Platform","publisher":{"@id":"https:\/\/affise.com\/pt\/#organization"},"potentialAction":[{"@type":"SearchAction","target":{"@type":"EntryPoint","urlTemplate":"https:\/\/affise.com\/pt\/?s={search_term_string}"},"query-input":"required name=search_term_string"}],"inLanguage":"pt-PT"},{"@type":"Organization","@id":"https:\/\/affise.com\/pt\/#organization","name":"Affise Technologies Ltd","alternateName":"Affise","url":"https:\/\/affise.com\/pt\/","logo":{"@type":"ImageObject","inLanguage":"pt-PT","@id":"https:\/\/affise.com\/pt\/#\/schema\/logo\/image\/","url":"https:\/\/affise.com\/wp-content\/uploads\/2021\/09\/affise-logo-banner.jpg","contentUrl":"https:\/\/affise.com\/wp-content\/uploads\/2021\/09\/affise-logo-banner.jpg","width":1080,"height":1080,"caption":"Affise Technologies Ltd"},"image":{"@id":"https:\/\/affise.com\/pt\/#\/schema\/logo\/image\/"},"sameAs":["https:\/\/www.facebook.com\/getaffise","https:\/\/twitter.com\/GetAffise","https:\/\/www.instagram.com\/getaffise\/","https:\/\/www.linkedin.com\/company\/affise-com\/","https:\/\/medium.com\/@affise","https:\/\/www.youtube.com\/channel\/UCkSVBagxxJzOxhmQ1KXAzPw"]}]}},"_links":{"self":[{"href":"https:\/\/affise.com\/pt\/wp-json\/wp\/v2\/pages\/71037"}],"collection":[{"href":"https:\/\/affise.com\/pt\/wp-json\/wp\/v2\/pages"}],"about":[{"href":"https:\/\/affise.com\/pt\/wp-json\/wp\/v2\/types\/page"}],"author":[{"embeddable":true,"href":"https:\/\/affise.com\/pt\/wp-json\/wp\/v2\/users\/53"}],"replies":[{"embeddable":true,"href":"https:\/\/affise.com\/pt\/wp-json\/wp\/v2\/comments?post=71037"}],"version-history":[{"count":0,"href":"https:\/\/affise.com\/pt\/wp-json\/wp\/v2\/pages\/71037\/revisions"}],"wp:attachment":[{"href":"https:\/\/affise.com\/pt\/wp-json\/wp\/v2\/media?parent=71037"}],"curies":[{"name":"wp","href":"https:\/\/api.w.org\/{rel}","templated":true}]}}