{"id":47251,"date":"2019-10-11T09:12:31","date_gmt":"2019-10-11T06:12:31","guid":{"rendered":"https:\/\/affise.com\/fraude-no-marketing-de-desempenho-tendencias-estatisticas-e-solucoes\/"},"modified":"2025-08-01T18:58:40","modified_gmt":"2025-08-01T15:58:40","slug":"affiliate-marketing-fraud","status":"publish","type":"page","link":"https:\/\/affise.com\/pt\/affiliate-marketing-fraud\/","title":{"rendered":"Fraude no marketing de desempenho: Tend\u00eancias, estat\u00edsticas e solu\u00e7\u00f5es"},"content":{"rendered":"","protected":false},"excerpt":{"rendered":"","protected":false},"author":29,"featured_media":0,"parent":0,"menu_order":0,"comment_status":"closed","ping_status":"closed","template":"page-templates\/2021_marketing_fraud.php","meta":{"_acf_changed":false,"content-type":"","inline_featured_image":false,"footnotes":""},"acf":[],"yoast_head":"<!-- This site is optimized with the Yoast SEO plugin v22.2 - https:\/\/yoast.com\/wordpress\/plugins\/seo\/ -->\n<title>Prote\u00e7\u00e3o contra fraude no marketing de afiliados<\/title>\n<meta name=\"description\" content=\"Previna fraudes em marketing de afiliados com filtros avan\u00e7ados, controle personalizado e detec\u00e7\u00e3o de anomalias para campanhas mais seguras e rent\u00e1veis.\" \/>\n<meta name=\"robots\" content=\"index, follow, max-snippet:-1, max-image-preview:large, max-video-preview:-1\" \/>\n<link rel=\"canonical\" href=\"https:\/\/affise.com\/pt\/affiliate-marketing-fraud\/\" \/>\n<meta property=\"og:locale\" content=\"pt_PT\" \/>\n<meta property=\"og:type\" content=\"article\" \/>\n<meta property=\"og:title\" content=\"Prote\u00e7\u00e3o contra fraude no marketing de afiliados\" \/>\n<meta property=\"og:description\" content=\"A tend\u00eancia crescente de perdas de or\u00e7amentos de publicidade devido a actividades fraudulentas levou a Affise Performance a realizar um estudo sobre a fraude no marketing de desempenho para compreender o \u00e2mbito do problema e apresentar solu\u00e7\u00f5es e recomenda\u00e7\u00f5es adequadas.\" \/>\n<meta property=\"og:url\" content=\"https:\/\/affise.com\/pt\/affiliate-marketing-fraud\/\" \/>\n<meta property=\"og:site_name\" content=\"Affise\" \/>\n<meta property=\"article:publisher\" content=\"https:\/\/www.facebook.com\/getaffise\" \/>\n<meta property=\"article:modified_time\" content=\"2025-08-01T15:58:40+00:00\" \/>\n<meta property=\"og:image\" content=\"https:\/\/affise.com\/wp-content\/uploads\/2019\/11\/1-4.png\" \/>\n<meta name=\"twitter:card\" content=\"summary_large_image\" \/>\n<meta name=\"twitter:site\" content=\"@GetAffise\" \/>\n<script type=\"application\/ld+json\" class=\"yoast-schema-graph\">{\"@context\":\"https:\/\/schema.org\",\"@graph\":[{\"@type\":\"WebPage\",\"@id\":\"https:\/\/affise.com\/pt\/affiliate-marketing-fraud\/\",\"url\":\"https:\/\/affise.com\/pt\/affiliate-marketing-fraud\/\",\"name\":\"Prote\u00e7\u00e3o contra fraude no marketing de afiliados\",\"isPartOf\":{\"@id\":\"https:\/\/affise.com\/pt\/#website\"},\"datePublished\":\"2019-10-11T06:12:31+00:00\",\"dateModified\":\"2025-08-01T15:58:40+00:00\",\"description\":\"Previna fraudes em marketing de afiliados com filtros avan\u00e7ados, controle personalizado e detec\u00e7\u00e3o de anomalias para campanhas mais seguras e rent\u00e1veis.\",\"breadcrumb\":{\"@id\":\"https:\/\/affise.com\/pt\/affiliate-marketing-fraud\/#breadcrumb\"},\"inLanguage\":\"pt-PT\",\"potentialAction\":[{\"@type\":\"ReadAction\",\"target\":[\"https:\/\/affise.com\/pt\/affiliate-marketing-fraud\/\"]}]},{\"@type\":\"BreadcrumbList\",\"@id\":\"https:\/\/affise.com\/pt\/affiliate-marketing-fraud\/#breadcrumb\",\"itemListElement\":[{\"@type\":\"ListItem\",\"position\":1,\"name\":\"Home\",\"item\":\"https:\/\/affise.com\/pt\/\"},{\"@type\":\"ListItem\",\"position\":2,\"name\":\"Fraude no marketing de desempenho: Tend\u00eancias, estat\u00edsticas e solu\u00e7\u00f5es\"}]},{\"@type\":\"WebSite\",\"@id\":\"https:\/\/affise.com\/pt\/#website\",\"url\":\"https:\/\/affise.com\/pt\/\",\"name\":\"Affise\",\"description\":\"Performance Marketing &amp; Mobile Attribution Platform\",\"publisher\":{\"@id\":\"https:\/\/affise.com\/pt\/#organization\"},\"potentialAction\":[{\"@type\":\"SearchAction\",\"target\":{\"@type\":\"EntryPoint\",\"urlTemplate\":\"https:\/\/affise.com\/pt\/?s={search_term_string}\"},\"query-input\":\"required name=search_term_string\"}],\"inLanguage\":\"pt-PT\"},{\"@type\":\"Organization\",\"@id\":\"https:\/\/affise.com\/pt\/#organization\",\"name\":\"Affise Technologies Ltd\",\"alternateName\":\"Affise\",\"url\":\"https:\/\/affise.com\/pt\/\",\"logo\":{\"@type\":\"ImageObject\",\"inLanguage\":\"pt-PT\",\"@id\":\"https:\/\/affise.com\/pt\/#\/schema\/logo\/image\/\",\"url\":\"https:\/\/affise.com\/wp-content\/uploads\/2021\/09\/affise-logo-banner.jpg\",\"contentUrl\":\"https:\/\/affise.com\/wp-content\/uploads\/2021\/09\/affise-logo-banner.jpg\",\"width\":1080,\"height\":1080,\"caption\":\"Affise Technologies Ltd\"},\"image\":{\"@id\":\"https:\/\/affise.com\/pt\/#\/schema\/logo\/image\/\"},\"sameAs\":[\"https:\/\/www.facebook.com\/getaffise\",\"https:\/\/twitter.com\/GetAffise\",\"https:\/\/www.instagram.com\/getaffise\/\",\"https:\/\/www.linkedin.com\/company\/affise-com\/\",\"https:\/\/medium.com\/@affise\",\"https:\/\/www.youtube.com\/channel\/UCkSVBagxxJzOxhmQ1KXAzPw\"]}]}<\/script>\n<!-- \/ Yoast SEO plugin. -->","yoast_head_json":{"title":"Prote\u00e7\u00e3o contra fraude no marketing de afiliados","description":"Previna fraudes em marketing de afiliados com filtros avan\u00e7ados, controle personalizado e detec\u00e7\u00e3o de anomalias para campanhas mais seguras e rent\u00e1veis.","robots":{"index":"index","follow":"follow","max-snippet":"max-snippet:-1","max-image-preview":"max-image-preview:large","max-video-preview":"max-video-preview:-1"},"canonical":"https:\/\/affise.com\/pt\/affiliate-marketing-fraud\/","og_locale":"pt_PT","og_type":"article","og_title":"Prote\u00e7\u00e3o contra fraude no marketing de afiliados","og_description":"A tend\u00eancia crescente de perdas de or\u00e7amentos de publicidade devido a actividades fraudulentas levou a Affise Performance a realizar um estudo sobre a fraude no marketing de desempenho para compreender o \u00e2mbito do problema e apresentar solu\u00e7\u00f5es e recomenda\u00e7\u00f5es adequadas.","og_url":"https:\/\/affise.com\/pt\/affiliate-marketing-fraud\/","og_site_name":"Affise","article_publisher":"https:\/\/www.facebook.com\/getaffise","article_modified_time":"2025-08-01T15:58:40+00:00","og_image":[{"url":"https:\/\/affise.com\/wp-content\/uploads\/2019\/11\/1-4.png"}],"twitter_card":"summary_large_image","twitter_site":"@GetAffise","schema":{"@context":"https:\/\/schema.org","@graph":[{"@type":"WebPage","@id":"https:\/\/affise.com\/pt\/affiliate-marketing-fraud\/","url":"https:\/\/affise.com\/pt\/affiliate-marketing-fraud\/","name":"Prote\u00e7\u00e3o contra fraude no marketing de afiliados","isPartOf":{"@id":"https:\/\/affise.com\/pt\/#website"},"datePublished":"2019-10-11T06:12:31+00:00","dateModified":"2025-08-01T15:58:40+00:00","description":"Previna fraudes em marketing de afiliados com filtros avan\u00e7ados, controle personalizado e detec\u00e7\u00e3o de anomalias para campanhas mais seguras e rent\u00e1veis.","breadcrumb":{"@id":"https:\/\/affise.com\/pt\/affiliate-marketing-fraud\/#breadcrumb"},"inLanguage":"pt-PT","potentialAction":[{"@type":"ReadAction","target":["https:\/\/affise.com\/pt\/affiliate-marketing-fraud\/"]}]},{"@type":"BreadcrumbList","@id":"https:\/\/affise.com\/pt\/affiliate-marketing-fraud\/#breadcrumb","itemListElement":[{"@type":"ListItem","position":1,"name":"Home","item":"https:\/\/affise.com\/pt\/"},{"@type":"ListItem","position":2,"name":"Fraude no marketing de desempenho: Tend\u00eancias, estat\u00edsticas e solu\u00e7\u00f5es"}]},{"@type":"WebSite","@id":"https:\/\/affise.com\/pt\/#website","url":"https:\/\/affise.com\/pt\/","name":"Affise","description":"Performance Marketing &amp; Mobile Attribution Platform","publisher":{"@id":"https:\/\/affise.com\/pt\/#organization"},"potentialAction":[{"@type":"SearchAction","target":{"@type":"EntryPoint","urlTemplate":"https:\/\/affise.com\/pt\/?s={search_term_string}"},"query-input":"required name=search_term_string"}],"inLanguage":"pt-PT"},{"@type":"Organization","@id":"https:\/\/affise.com\/pt\/#organization","name":"Affise Technologies Ltd","alternateName":"Affise","url":"https:\/\/affise.com\/pt\/","logo":{"@type":"ImageObject","inLanguage":"pt-PT","@id":"https:\/\/affise.com\/pt\/#\/schema\/logo\/image\/","url":"https:\/\/affise.com\/wp-content\/uploads\/2021\/09\/affise-logo-banner.jpg","contentUrl":"https:\/\/affise.com\/wp-content\/uploads\/2021\/09\/affise-logo-banner.jpg","width":1080,"height":1080,"caption":"Affise Technologies Ltd"},"image":{"@id":"https:\/\/affise.com\/pt\/#\/schema\/logo\/image\/"},"sameAs":["https:\/\/www.facebook.com\/getaffise","https:\/\/twitter.com\/GetAffise","https:\/\/www.instagram.com\/getaffise\/","https:\/\/www.linkedin.com\/company\/affise-com\/","https:\/\/medium.com\/@affise","https:\/\/www.youtube.com\/channel\/UCkSVBagxxJzOxhmQ1KXAzPw"]}]}},"_links":{"self":[{"href":"https:\/\/affise.com\/pt\/wp-json\/wp\/v2\/pages\/47251"}],"collection":[{"href":"https:\/\/affise.com\/pt\/wp-json\/wp\/v2\/pages"}],"about":[{"href":"https:\/\/affise.com\/pt\/wp-json\/wp\/v2\/types\/page"}],"author":[{"embeddable":true,"href":"https:\/\/affise.com\/pt\/wp-json\/wp\/v2\/users\/29"}],"replies":[{"embeddable":true,"href":"https:\/\/affise.com\/pt\/wp-json\/wp\/v2\/comments?post=47251"}],"version-history":[{"count":0,"href":"https:\/\/affise.com\/pt\/wp-json\/wp\/v2\/pages\/47251\/revisions"}],"wp:attachment":[{"href":"https:\/\/affise.com\/pt\/wp-json\/wp\/v2\/media?parent=47251"}],"curies":[{"name":"wp","href":"https:\/\/api.w.org\/{rel}","templated":true}]}}