{"id":47218,"date":"2020-06-18T03:20:49","date_gmt":"2020-06-18T00:20:49","guid":{"rendered":"https:\/\/affise.com\/plataforma-de-gestao-de-afiliados-para-comercio-eletronico-e-retalho\/"},"modified":"2025-06-10T16:21:31","modified_gmt":"2025-06-10T13:21:31","slug":"affiliate-management-platform-for-ecommerce-retail","status":"publish","type":"page","link":"https:\/\/affise.com\/pt\/affiliate-management-platform-for-ecommerce-retail\/","title":{"rendered":"Plataforma de gest\u00e3o de afiliados para com\u00e9rcio eletr\u00f3nico e retalho"},"content":{"rendered":"","protected":false},"excerpt":{"rendered":"","protected":false},"author":29,"featured_media":34688,"parent":0,"menu_order":0,"comment_status":"closed","ping_status":"closed","template":"page-templates\/2021_e-commerce.php","meta":{"_acf_changed":false,"content-type":"","inline_featured_image":false,"footnotes":""},"acf":[],"yoast_head":"<!-- This site is optimized with the Yoast SEO plugin v22.2 - https:\/\/yoast.com\/wordpress\/plugins\/seo\/ -->\n<title>Plataforma de Gest\u00e3o de Afiliados para Ecommerce | Affise<\/title>\n<meta name=\"description\" content=\"Automatize e otimize a gest\u00e3o de afiliados para e-commerce e varejo com a Affise. Simplifique pagamentos, relat\u00f3rios e parcerias em um s\u00f3 lugar!\" \/>\n<meta name=\"robots\" content=\"index, follow, max-snippet:-1, max-image-preview:large, max-video-preview:-1\" \/>\n<link rel=\"canonical\" href=\"https:\/\/affise.com\/pt\/affiliate-management-platform-for-ecommerce-retail\/\" \/>\n<meta property=\"og:locale\" content=\"pt_PT\" \/>\n<meta property=\"og:type\" content=\"article\" \/>\n<meta property=\"og:title\" content=\"Plataforma de Gest\u00e3o de Afiliados para Ecommerce | Affise\" \/>\n<meta property=\"og:description\" content=\"Automatize e otimize a gest\u00e3o de afiliados para e-commerce e varejo com a Affise. Simplifique pagamentos, relat\u00f3rios e parcerias em um s\u00f3 lugar!\" \/>\n<meta property=\"og:url\" content=\"https:\/\/affise.com\/affiliate-management-platform-for-ecommerce-retail\/\" \/>\n<meta property=\"og:site_name\" content=\"Affise\" \/>\n<meta property=\"article:publisher\" content=\"https:\/\/www.facebook.com\/getaffise\" \/>\n<meta property=\"article:modified_time\" content=\"2025-06-10T13:21:31+00:00\" \/>\n<meta property=\"og:image\" content=\"https:\/\/affise.com\/wp-content\/uploads\/2020\/06\/preview.png\" \/>\n\t<meta property=\"og:image:width\" content=\"1200\" \/>\n\t<meta property=\"og:image:height\" content=\"628\" \/>\n\t<meta property=\"og:image:type\" content=\"image\/png\" \/>\n<meta name=\"twitter:card\" content=\"summary_large_image\" \/>\n<meta name=\"twitter:site\" content=\"@GetAffise\" \/>\n<meta name=\"twitter:label1\" content=\"Est. reading time\" \/>\n\t<meta name=\"twitter:data1\" content=\"1 minuto\" \/>\n<script type=\"application\/ld+json\" class=\"yoast-schema-graph\">{\"@context\":\"https:\/\/schema.org\",\"@graph\":[{\"@type\":\"WebPage\",\"@id\":\"https:\/\/affise.com\/pt\/affiliate-management-platform-for-ecommerce-retail\/\",\"url\":\"https:\/\/affise.com\/affiliate-management-platform-for-ecommerce-retail\/\",\"name\":\"Plataforma de Gest\u00e3o de Afiliados para Ecommerce | Affise\",\"isPartOf\":{\"@id\":\"https:\/\/affise.com\/pt\/#website\"},\"primaryImageOfPage\":{\"@id\":\"https:\/\/affise.com\/affiliate-management-platform-for-ecommerce-retail\/#primaryimage\"},\"image\":{\"@id\":\"https:\/\/affise.com\/affiliate-management-platform-for-ecommerce-retail\/#primaryimage\"},\"thumbnailUrl\":\"https:\/\/affise.com\/wp-content\/uploads\/2020\/06\/preview.png\",\"datePublished\":\"2020-06-18T00:20:49+00:00\",\"dateModified\":\"2025-06-10T13:21:31+00:00\",\"description\":\"Automatize e otimize a gest\u00e3o de afiliados para e-commerce e varejo com a Affise. Simplifique pagamentos, relat\u00f3rios e parcerias em um s\u00f3 lugar!\",\"breadcrumb\":{\"@id\":\"https:\/\/affise.com\/affiliate-management-platform-for-ecommerce-retail\/#breadcrumb\"},\"inLanguage\":\"pt-PT\",\"potentialAction\":[{\"@type\":\"ReadAction\",\"target\":[\"https:\/\/affise.com\/affiliate-management-platform-for-ecommerce-retail\/\"]}]},{\"@type\":\"ImageObject\",\"inLanguage\":\"pt-PT\",\"@id\":\"https:\/\/affise.com\/affiliate-management-platform-for-ecommerce-retail\/#primaryimage\",\"url\":\"https:\/\/affise.com\/wp-content\/uploads\/2020\/06\/preview.png\",\"contentUrl\":\"https:\/\/affise.com\/wp-content\/uploads\/2020\/06\/preview.png\",\"width\":1200,\"height\":628},{\"@type\":\"BreadcrumbList\",\"@id\":\"https:\/\/affise.com\/affiliate-management-platform-for-ecommerce-retail\/#breadcrumb\",\"itemListElement\":[{\"@type\":\"ListItem\",\"position\":1,\"name\":\"Home\",\"item\":\"https:\/\/affise.com\/pt\/\"},{\"@type\":\"ListItem\",\"position\":2,\"name\":\"Plataforma de gest\u00e3o de afiliados para com\u00e9rcio eletr\u00f3nico e retalho\"}]},{\"@type\":\"WebSite\",\"@id\":\"https:\/\/affise.com\/pt\/#website\",\"url\":\"https:\/\/affise.com\/pt\/\",\"name\":\"Affise\",\"description\":\"Performance Marketing &amp; Mobile Attribution Platform\",\"publisher\":{\"@id\":\"https:\/\/affise.com\/pt\/#organization\"},\"potentialAction\":[{\"@type\":\"SearchAction\",\"target\":{\"@type\":\"EntryPoint\",\"urlTemplate\":\"https:\/\/affise.com\/pt\/?s={search_term_string}\"},\"query-input\":\"required name=search_term_string\"}],\"inLanguage\":\"pt-PT\"},{\"@type\":\"Organization\",\"@id\":\"https:\/\/affise.com\/pt\/#organization\",\"name\":\"Affise Technologies Ltd\",\"alternateName\":\"Affise\",\"url\":\"https:\/\/affise.com\/pt\/\",\"logo\":{\"@type\":\"ImageObject\",\"inLanguage\":\"pt-PT\",\"@id\":\"https:\/\/affise.com\/pt\/#\/schema\/logo\/image\/\",\"url\":\"https:\/\/affise.com\/wp-content\/uploads\/2021\/09\/affise-logo-banner.jpg\",\"contentUrl\":\"https:\/\/affise.com\/wp-content\/uploads\/2021\/09\/affise-logo-banner.jpg\",\"width\":1080,\"height\":1080,\"caption\":\"Affise Technologies Ltd\"},\"image\":{\"@id\":\"https:\/\/affise.com\/pt\/#\/schema\/logo\/image\/\"},\"sameAs\":[\"https:\/\/www.facebook.com\/getaffise\",\"https:\/\/twitter.com\/GetAffise\",\"https:\/\/www.instagram.com\/getaffise\/\",\"https:\/\/www.linkedin.com\/company\/affise-com\/\",\"https:\/\/medium.com\/@affise\",\"https:\/\/www.youtube.com\/channel\/UCkSVBagxxJzOxhmQ1KXAzPw\"]}]}<\/script>\n<!-- \/ Yoast SEO plugin. -->","yoast_head_json":{"title":"Plataforma de Gest\u00e3o de Afiliados para Ecommerce | Affise","description":"Automatize e otimize a gest\u00e3o de afiliados para e-commerce e varejo com a Affise. Simplifique pagamentos, relat\u00f3rios e parcerias em um s\u00f3 lugar!","robots":{"index":"index","follow":"follow","max-snippet":"max-snippet:-1","max-image-preview":"max-image-preview:large","max-video-preview":"max-video-preview:-1"},"canonical":"https:\/\/affise.com\/pt\/affiliate-management-platform-for-ecommerce-retail\/","og_locale":"pt_PT","og_type":"article","og_title":"Plataforma de Gest\u00e3o de Afiliados para Ecommerce | Affise","og_description":"Automatize e otimize a gest\u00e3o de afiliados para e-commerce e varejo com a Affise. Simplifique pagamentos, relat\u00f3rios e parcerias em um s\u00f3 lugar!","og_url":"https:\/\/affise.com\/affiliate-management-platform-for-ecommerce-retail\/","og_site_name":"Affise","article_publisher":"https:\/\/www.facebook.com\/getaffise","article_modified_time":"2025-06-10T13:21:31+00:00","og_image":[{"width":1200,"height":628,"url":"https:\/\/affise.com\/wp-content\/uploads\/2020\/06\/preview.png","type":"image\/png"}],"twitter_card":"summary_large_image","twitter_site":"@GetAffise","twitter_misc":{"Est. reading time":"1 minuto"},"schema":{"@context":"https:\/\/schema.org","@graph":[{"@type":"WebPage","@id":"https:\/\/affise.com\/pt\/affiliate-management-platform-for-ecommerce-retail\/","url":"https:\/\/affise.com\/affiliate-management-platform-for-ecommerce-retail\/","name":"Plataforma de Gest\u00e3o de Afiliados para Ecommerce | Affise","isPartOf":{"@id":"https:\/\/affise.com\/pt\/#website"},"primaryImageOfPage":{"@id":"https:\/\/affise.com\/affiliate-management-platform-for-ecommerce-retail\/#primaryimage"},"image":{"@id":"https:\/\/affise.com\/affiliate-management-platform-for-ecommerce-retail\/#primaryimage"},"thumbnailUrl":"https:\/\/affise.com\/wp-content\/uploads\/2020\/06\/preview.png","datePublished":"2020-06-18T00:20:49+00:00","dateModified":"2025-06-10T13:21:31+00:00","description":"Automatize e otimize a gest\u00e3o de afiliados para e-commerce e varejo com a Affise. Simplifique pagamentos, relat\u00f3rios e parcerias em um s\u00f3 lugar!","breadcrumb":{"@id":"https:\/\/affise.com\/affiliate-management-platform-for-ecommerce-retail\/#breadcrumb"},"inLanguage":"pt-PT","potentialAction":[{"@type":"ReadAction","target":["https:\/\/affise.com\/affiliate-management-platform-for-ecommerce-retail\/"]}]},{"@type":"ImageObject","inLanguage":"pt-PT","@id":"https:\/\/affise.com\/affiliate-management-platform-for-ecommerce-retail\/#primaryimage","url":"https:\/\/affise.com\/wp-content\/uploads\/2020\/06\/preview.png","contentUrl":"https:\/\/affise.com\/wp-content\/uploads\/2020\/06\/preview.png","width":1200,"height":628},{"@type":"BreadcrumbList","@id":"https:\/\/affise.com\/affiliate-management-platform-for-ecommerce-retail\/#breadcrumb","itemListElement":[{"@type":"ListItem","position":1,"name":"Home","item":"https:\/\/affise.com\/pt\/"},{"@type":"ListItem","position":2,"name":"Plataforma de gest\u00e3o de afiliados para com\u00e9rcio eletr\u00f3nico e retalho"}]},{"@type":"WebSite","@id":"https:\/\/affise.com\/pt\/#website","url":"https:\/\/affise.com\/pt\/","name":"Affise","description":"Performance Marketing &amp; Mobile Attribution Platform","publisher":{"@id":"https:\/\/affise.com\/pt\/#organization"},"potentialAction":[{"@type":"SearchAction","target":{"@type":"EntryPoint","urlTemplate":"https:\/\/affise.com\/pt\/?s={search_term_string}"},"query-input":"required name=search_term_string"}],"inLanguage":"pt-PT"},{"@type":"Organization","@id":"https:\/\/affise.com\/pt\/#organization","name":"Affise Technologies Ltd","alternateName":"Affise","url":"https:\/\/affise.com\/pt\/","logo":{"@type":"ImageObject","inLanguage":"pt-PT","@id":"https:\/\/affise.com\/pt\/#\/schema\/logo\/image\/","url":"https:\/\/affise.com\/wp-content\/uploads\/2021\/09\/affise-logo-banner.jpg","contentUrl":"https:\/\/affise.com\/wp-content\/uploads\/2021\/09\/affise-logo-banner.jpg","width":1080,"height":1080,"caption":"Affise Technologies Ltd"},"image":{"@id":"https:\/\/affise.com\/pt\/#\/schema\/logo\/image\/"},"sameAs":["https:\/\/www.facebook.com\/getaffise","https:\/\/twitter.com\/GetAffise","https:\/\/www.instagram.com\/getaffise\/","https:\/\/www.linkedin.com\/company\/affise-com\/","https:\/\/medium.com\/@affise","https:\/\/www.youtube.com\/channel\/UCkSVBagxxJzOxhmQ1KXAzPw"]}]}},"_links":{"self":[{"href":"https:\/\/affise.com\/pt\/wp-json\/wp\/v2\/pages\/47218"}],"collection":[{"href":"https:\/\/affise.com\/pt\/wp-json\/wp\/v2\/pages"}],"about":[{"href":"https:\/\/affise.com\/pt\/wp-json\/wp\/v2\/types\/page"}],"author":[{"embeddable":true,"href":"https:\/\/affise.com\/pt\/wp-json\/wp\/v2\/users\/29"}],"replies":[{"embeddable":true,"href":"https:\/\/affise.com\/pt\/wp-json\/wp\/v2\/comments?post=47218"}],"version-history":[{"count":0,"href":"https:\/\/affise.com\/pt\/wp-json\/wp\/v2\/pages\/47218\/revisions"}],"wp:featuredmedia":[{"embeddable":true,"href":"https:\/\/affise.com\/pt\/wp-json\/wp\/v2\/media\/34688"}],"wp:attachment":[{"href":"https:\/\/affise.com\/pt\/wp-json\/wp\/v2\/media?parent=47218"}],"curies":[{"name":"wp","href":"https:\/\/api.w.org\/{rel}","templated":true}]}}