{"id":47309,"date":"2018-09-28T11:49:29","date_gmt":"2018-09-28T08:49:29","guid":{"rendered":"https:\/\/affise.com\/datafusion\/"},"modified":"2025-08-12T12:45:46","modified_gmt":"2025-08-12T09:45:46","slug":"datafusion","status":"publish","type":"page","link":"https:\/\/affise.com\/es\/datafusion\/","title":{"rendered":"Datafusion"},"content":{"rendered":"","protected":false},"excerpt":{"rendered":"","protected":false},"author":29,"featured_media":0,"parent":0,"menu_order":0,"comment_status":"closed","ping_status":"closed","template":"page-templates\/2021_datafusion.php","meta":{"_acf_changed":false,"content-type":"","inline_featured_image":false,"footnotes":""},"acf":[],"yoast_head":"<!-- This site is optimized with the Yoast SEO plugin v22.2 - https:\/\/yoast.com\/wordpress\/plugins\/seo\/ -->\n<title>Affise DataFusion | Datos en Tiempo Real para AWS y Google<\/title>\n<meta name=\"description\" content=\"Env\u00eda datos desde Affise a AWS y Google sin demoras. Controla eventos, escala an\u00e1lisis y mejora tus estrategias con transmisi\u00f3n continua.\" \/>\n<meta name=\"robots\" content=\"index, follow, max-snippet:-1, max-image-preview:large, max-video-preview:-1\" \/>\n<link rel=\"canonical\" href=\"https:\/\/affise.com\/es\/datafusion\/\" \/>\n<meta property=\"og:locale\" content=\"es_ES\" \/>\n<meta property=\"og:type\" content=\"article\" \/>\n<meta property=\"og:title\" content=\"Affise Datafusion: transmisi\u00f3n de datos en tiempo real\" \/>\n<meta property=\"og:description\" content=\"Transfiera los datos de tama\u00f1o ilimitado de Affise a AWS, Google o AlibabaCloud y anal\u00edcelos en herramientas de BI en tiempo real sin paradas con DataFusion.\" \/>\n<meta property=\"og:url\" content=\"https:\/\/affise.com\/es\/datafusion\/\" \/>\n<meta property=\"og:site_name\" content=\"Affise\" \/>\n<meta property=\"article:publisher\" content=\"https:\/\/www.facebook.com\/getaffise\" \/>\n<meta property=\"article:modified_time\" content=\"2025-08-12T09:45:46+00:00\" \/>\n<meta name=\"twitter:card\" content=\"summary_large_image\" \/>\n<meta name=\"twitter:site\" content=\"@GetAffise\" \/>\n<script type=\"application\/ld+json\" class=\"yoast-schema-graph\">{\"@context\":\"https:\/\/schema.org\",\"@graph\":[{\"@type\":\"WebPage\",\"@id\":\"https:\/\/affise.com\/es\/datafusion\/\",\"url\":\"https:\/\/affise.com\/es\/datafusion\/\",\"name\":\"Affise DataFusion | Datos en Tiempo Real para AWS y Google\",\"isPartOf\":{\"@id\":\"https:\/\/affise.com\/es\/#website\"},\"datePublished\":\"2018-09-28T08:49:29+00:00\",\"dateModified\":\"2025-08-12T09:45:46+00:00\",\"description\":\"Env\u00eda datos desde Affise a AWS y Google sin demoras. Controla eventos, escala an\u00e1lisis y mejora tus estrategias con transmisi\u00f3n continua.\",\"breadcrumb\":{\"@id\":\"https:\/\/affise.com\/es\/datafusion\/#breadcrumb\"},\"inLanguage\":\"es\",\"potentialAction\":[{\"@type\":\"ReadAction\",\"target\":[\"https:\/\/affise.com\/es\/datafusion\/\"]}]},{\"@type\":\"BreadcrumbList\",\"@id\":\"https:\/\/affise.com\/es\/datafusion\/#breadcrumb\",\"itemListElement\":[{\"@type\":\"ListItem\",\"position\":1,\"name\":\"Home\",\"item\":\"https:\/\/affise.com\/es\/\"},{\"@type\":\"ListItem\",\"position\":2,\"name\":\"Datafusion\"}]},{\"@type\":\"WebSite\",\"@id\":\"https:\/\/affise.com\/es\/#website\",\"url\":\"https:\/\/affise.com\/es\/\",\"name\":\"Affise\",\"description\":\"Performance Marketing &amp; Mobile Attribution Platform\",\"publisher\":{\"@id\":\"https:\/\/affise.com\/es\/#organization\"},\"potentialAction\":[{\"@type\":\"SearchAction\",\"target\":{\"@type\":\"EntryPoint\",\"urlTemplate\":\"https:\/\/affise.com\/es\/?s={search_term_string}\"},\"query-input\":\"required name=search_term_string\"}],\"inLanguage\":\"es\"},{\"@type\":\"Organization\",\"@id\":\"https:\/\/affise.com\/es\/#organization\",\"name\":\"Affise Technologies Ltd\",\"alternateName\":\"Affise\",\"url\":\"https:\/\/affise.com\/es\/\",\"logo\":{\"@type\":\"ImageObject\",\"inLanguage\":\"es\",\"@id\":\"https:\/\/affise.com\/es\/#\/schema\/logo\/image\/\",\"url\":\"https:\/\/affise.com\/wp-content\/uploads\/2021\/09\/affise-logo-banner.jpg\",\"contentUrl\":\"https:\/\/affise.com\/wp-content\/uploads\/2021\/09\/affise-logo-banner.jpg\",\"width\":1080,\"height\":1080,\"caption\":\"Affise Technologies Ltd\"},\"image\":{\"@id\":\"https:\/\/affise.com\/es\/#\/schema\/logo\/image\/\"},\"sameAs\":[\"https:\/\/www.facebook.com\/getaffise\",\"https:\/\/twitter.com\/GetAffise\",\"https:\/\/www.instagram.com\/getaffise\/\",\"https:\/\/www.linkedin.com\/company\/affise-com\/\",\"https:\/\/medium.com\/@affise\",\"https:\/\/www.youtube.com\/channel\/UCkSVBagxxJzOxhmQ1KXAzPw\"]}]}<\/script>\n<!-- \/ Yoast SEO plugin. -->","yoast_head_json":{"title":"Affise DataFusion | Datos en Tiempo Real para AWS y Google","description":"Env\u00eda datos desde Affise a AWS y Google sin demoras. Controla eventos, escala an\u00e1lisis y mejora tus estrategias con transmisi\u00f3n continua.","robots":{"index":"index","follow":"follow","max-snippet":"max-snippet:-1","max-image-preview":"max-image-preview:large","max-video-preview":"max-video-preview:-1"},"canonical":"https:\/\/affise.com\/es\/datafusion\/","og_locale":"es_ES","og_type":"article","og_title":"Affise Datafusion: transmisi\u00f3n de datos en tiempo real","og_description":"Transfiera los datos de tama\u00f1o ilimitado de Affise a AWS, Google o AlibabaCloud y anal\u00edcelos en herramientas de BI en tiempo real sin paradas con DataFusion.","og_url":"https:\/\/affise.com\/es\/datafusion\/","og_site_name":"Affise","article_publisher":"https:\/\/www.facebook.com\/getaffise","article_modified_time":"2025-08-12T09:45:46+00:00","twitter_card":"summary_large_image","twitter_site":"@GetAffise","schema":{"@context":"https:\/\/schema.org","@graph":[{"@type":"WebPage","@id":"https:\/\/affise.com\/es\/datafusion\/","url":"https:\/\/affise.com\/es\/datafusion\/","name":"Affise DataFusion | Datos en Tiempo Real para AWS y Google","isPartOf":{"@id":"https:\/\/affise.com\/es\/#website"},"datePublished":"2018-09-28T08:49:29+00:00","dateModified":"2025-08-12T09:45:46+00:00","description":"Env\u00eda datos desde Affise a AWS y Google sin demoras. Controla eventos, escala an\u00e1lisis y mejora tus estrategias con transmisi\u00f3n continua.","breadcrumb":{"@id":"https:\/\/affise.com\/es\/datafusion\/#breadcrumb"},"inLanguage":"es","potentialAction":[{"@type":"ReadAction","target":["https:\/\/affise.com\/es\/datafusion\/"]}]},{"@type":"BreadcrumbList","@id":"https:\/\/affise.com\/es\/datafusion\/#breadcrumb","itemListElement":[{"@type":"ListItem","position":1,"name":"Home","item":"https:\/\/affise.com\/es\/"},{"@type":"ListItem","position":2,"name":"Datafusion"}]},{"@type":"WebSite","@id":"https:\/\/affise.com\/es\/#website","url":"https:\/\/affise.com\/es\/","name":"Affise","description":"Performance Marketing &amp; Mobile Attribution Platform","publisher":{"@id":"https:\/\/affise.com\/es\/#organization"},"potentialAction":[{"@type":"SearchAction","target":{"@type":"EntryPoint","urlTemplate":"https:\/\/affise.com\/es\/?s={search_term_string}"},"query-input":"required name=search_term_string"}],"inLanguage":"es"},{"@type":"Organization","@id":"https:\/\/affise.com\/es\/#organization","name":"Affise Technologies Ltd","alternateName":"Affise","url":"https:\/\/affise.com\/es\/","logo":{"@type":"ImageObject","inLanguage":"es","@id":"https:\/\/affise.com\/es\/#\/schema\/logo\/image\/","url":"https:\/\/affise.com\/wp-content\/uploads\/2021\/09\/affise-logo-banner.jpg","contentUrl":"https:\/\/affise.com\/wp-content\/uploads\/2021\/09\/affise-logo-banner.jpg","width":1080,"height":1080,"caption":"Affise Technologies Ltd"},"image":{"@id":"https:\/\/affise.com\/es\/#\/schema\/logo\/image\/"},"sameAs":["https:\/\/www.facebook.com\/getaffise","https:\/\/twitter.com\/GetAffise","https:\/\/www.instagram.com\/getaffise\/","https:\/\/www.linkedin.com\/company\/affise-com\/","https:\/\/medium.com\/@affise","https:\/\/www.youtube.com\/channel\/UCkSVBagxxJzOxhmQ1KXAzPw"]}]}},"_links":{"self":[{"href":"https:\/\/affise.com\/es\/wp-json\/wp\/v2\/pages\/47309"}],"collection":[{"href":"https:\/\/affise.com\/es\/wp-json\/wp\/v2\/pages"}],"about":[{"href":"https:\/\/affise.com\/es\/wp-json\/wp\/v2\/types\/page"}],"author":[{"embeddable":true,"href":"https:\/\/affise.com\/es\/wp-json\/wp\/v2\/users\/29"}],"replies":[{"embeddable":true,"href":"https:\/\/affise.com\/es\/wp-json\/wp\/v2\/comments?post=47309"}],"version-history":[{"count":0,"href":"https:\/\/affise.com\/es\/wp-json\/wp\/v2\/pages\/47309\/revisions"}],"wp:attachment":[{"href":"https:\/\/affise.com\/es\/wp-json\/wp\/v2\/media?parent=47309"}],"curies":[{"name":"wp","href":"https:\/\/api.w.org\/{rel}","templated":true}]}}