{"id":47294,"date":"2021-09-20T09:27:18","date_gmt":"2021-09-20T06:27:18","guid":{"rendered":"https:\/\/affise.com\/redes-de-afiliacion\/"},"modified":"2026-03-26T14:28:18","modified_gmt":"2026-03-26T11:28:18","slug":"affiliate-networks","status":"publish","type":"page","link":"https:\/\/affise.com\/es\/affiliate-networks\/","title":{"rendered":"Redes de afiliaci\u00f3n"},"content":{"rendered":"","protected":false},"excerpt":{"rendered":"","protected":false},"author":29,"featured_media":0,"parent":0,"menu_order":0,"comment_status":"closed","ping_status":"closed","template":"page-templates\/2021_affiliate_network.php","meta":{"_acf_changed":false,"content-type":"","inline_featured_image":false,"footnotes":""},"acf":[],"yoast_head":"<!-- This site is optimized with the Yoast SEO plugin v22.2 - https:\/\/yoast.com\/wordpress\/plugins\/seo\/ -->\n<title>Plataforma para la gesti\u00f3n de redes de afiliados<\/title>\n<meta name=\"description\" content=\"Automatiza campa\u00f1as, gestiona socios y escala tu red de afiliados con las herramientas avanzadas de gesti\u00f3n de Affise.\" \/>\n<meta name=\"robots\" content=\"noindex, nofollow\" \/>\n<meta property=\"og:locale\" content=\"es_ES\" \/>\n<meta property=\"og:type\" content=\"article\" \/>\n<meta property=\"og:title\" content=\"Plataforma para la gesti\u00f3n de redes de afiliados\" \/>\n<meta property=\"og:description\" content=\"Automatiza campa\u00f1as, gestiona socios y escala tu red de afiliados con las herramientas avanzadas de gesti\u00f3n de Affise.\" \/>\n<meta property=\"og:url\" content=\"https:\/\/affise.com\/affiliate-networks\/\" \/>\n<meta property=\"og:site_name\" content=\"Affise\" \/>\n<meta property=\"article:publisher\" content=\"https:\/\/www.facebook.com\/getaffise\" \/>\n<meta property=\"article:modified_time\" content=\"2026-03-26T11:28:18+00:00\" \/>\n<meta name=\"twitter:card\" content=\"summary_large_image\" \/>\n<meta name=\"twitter:site\" content=\"@GetAffise\" \/>\n<script type=\"application\/ld+json\" class=\"yoast-schema-graph\">{\"@context\":\"https:\/\/schema.org\",\"@graph\":[{\"@type\":\"WebPage\",\"@id\":\"https:\/\/affise.com\/es\/affiliate-networks\/\",\"url\":\"https:\/\/affise.com\/affiliate-networks\/\",\"name\":\"Plataforma para la gesti\u00f3n de redes de afiliados\",\"isPartOf\":{\"@id\":\"https:\/\/affise.com\/es\/#website\"},\"datePublished\":\"2021-09-20T06:27:18+00:00\",\"dateModified\":\"2026-03-26T11:28:18+00:00\",\"description\":\"Automatiza campa\u00f1as, gestiona socios y escala tu red de afiliados con las herramientas avanzadas de gesti\u00f3n de Affise.\",\"breadcrumb\":{\"@id\":\"https:\/\/affise.com\/affiliate-networks\/#breadcrumb\"},\"inLanguage\":\"es\",\"potentialAction\":[{\"@type\":\"ReadAction\",\"target\":[\"https:\/\/affise.com\/affiliate-networks\/\"]}]},{\"@type\":\"BreadcrumbList\",\"@id\":\"https:\/\/affise.com\/affiliate-networks\/#breadcrumb\",\"itemListElement\":[{\"@type\":\"ListItem\",\"position\":1,\"name\":\"Home\",\"item\":\"https:\/\/affise.com\/es\/\"},{\"@type\":\"ListItem\",\"position\":2,\"name\":\"Redes de afiliaci\u00f3n\"}]},{\"@type\":\"WebSite\",\"@id\":\"https:\/\/affise.com\/es\/#website\",\"url\":\"https:\/\/affise.com\/es\/\",\"name\":\"Affise\",\"description\":\"Performance Marketing &amp; Mobile Attribution Platform\",\"publisher\":{\"@id\":\"https:\/\/affise.com\/es\/#organization\"},\"potentialAction\":[{\"@type\":\"SearchAction\",\"target\":{\"@type\":\"EntryPoint\",\"urlTemplate\":\"https:\/\/affise.com\/es\/?s={search_term_string}\"},\"query-input\":\"required name=search_term_string\"}],\"inLanguage\":\"es\"},{\"@type\":\"Organization\",\"@id\":\"https:\/\/affise.com\/es\/#organization\",\"name\":\"Affise Technologies Ltd\",\"alternateName\":\"Affise\",\"url\":\"https:\/\/affise.com\/es\/\",\"logo\":{\"@type\":\"ImageObject\",\"inLanguage\":\"es\",\"@id\":\"https:\/\/affise.com\/es\/#\/schema\/logo\/image\/\",\"url\":\"https:\/\/affise.com\/wp-content\/uploads\/2021\/09\/affise-logo-banner.jpg\",\"contentUrl\":\"https:\/\/affise.com\/wp-content\/uploads\/2021\/09\/affise-logo-banner.jpg\",\"width\":1080,\"height\":1080,\"caption\":\"Affise Technologies Ltd\"},\"image\":{\"@id\":\"https:\/\/affise.com\/es\/#\/schema\/logo\/image\/\"},\"sameAs\":[\"https:\/\/www.facebook.com\/getaffise\",\"https:\/\/twitter.com\/GetAffise\",\"https:\/\/www.instagram.com\/getaffise\/\",\"https:\/\/www.linkedin.com\/company\/affise-com\/\",\"https:\/\/medium.com\/@affise\",\"https:\/\/www.youtube.com\/channel\/UCkSVBagxxJzOxhmQ1KXAzPw\"]}]}<\/script>\n<!-- \/ Yoast SEO plugin. -->","yoast_head_json":{"title":"Plataforma para la gesti\u00f3n de redes de afiliados","description":"Automatiza campa\u00f1as, gestiona socios y escala tu red de afiliados con las herramientas avanzadas de gesti\u00f3n de Affise.","robots":{"index":"noindex","follow":"nofollow"},"og_locale":"es_ES","og_type":"article","og_title":"Plataforma para la gesti\u00f3n de redes de afiliados","og_description":"Automatiza campa\u00f1as, gestiona socios y escala tu red de afiliados con las herramientas avanzadas de gesti\u00f3n de Affise.","og_url":"https:\/\/affise.com\/affiliate-networks\/","og_site_name":"Affise","article_publisher":"https:\/\/www.facebook.com\/getaffise","article_modified_time":"2026-03-26T11:28:18+00:00","twitter_card":"summary_large_image","twitter_site":"@GetAffise","schema":{"@context":"https:\/\/schema.org","@graph":[{"@type":"WebPage","@id":"https:\/\/affise.com\/es\/affiliate-networks\/","url":"https:\/\/affise.com\/affiliate-networks\/","name":"Plataforma para la gesti\u00f3n de redes de afiliados","isPartOf":{"@id":"https:\/\/affise.com\/es\/#website"},"datePublished":"2021-09-20T06:27:18+00:00","dateModified":"2026-03-26T11:28:18+00:00","description":"Automatiza campa\u00f1as, gestiona socios y escala tu red de afiliados con las herramientas avanzadas de gesti\u00f3n de Affise.","breadcrumb":{"@id":"https:\/\/affise.com\/affiliate-networks\/#breadcrumb"},"inLanguage":"es","potentialAction":[{"@type":"ReadAction","target":["https:\/\/affise.com\/affiliate-networks\/"]}]},{"@type":"BreadcrumbList","@id":"https:\/\/affise.com\/affiliate-networks\/#breadcrumb","itemListElement":[{"@type":"ListItem","position":1,"name":"Home","item":"https:\/\/affise.com\/es\/"},{"@type":"ListItem","position":2,"name":"Redes de afiliaci\u00f3n"}]},{"@type":"WebSite","@id":"https:\/\/affise.com\/es\/#website","url":"https:\/\/affise.com\/es\/","name":"Affise","description":"Performance Marketing &amp; Mobile Attribution Platform","publisher":{"@id":"https:\/\/affise.com\/es\/#organization"},"potentialAction":[{"@type":"SearchAction","target":{"@type":"EntryPoint","urlTemplate":"https:\/\/affise.com\/es\/?s={search_term_string}"},"query-input":"required name=search_term_string"}],"inLanguage":"es"},{"@type":"Organization","@id":"https:\/\/affise.com\/es\/#organization","name":"Affise Technologies Ltd","alternateName":"Affise","url":"https:\/\/affise.com\/es\/","logo":{"@type":"ImageObject","inLanguage":"es","@id":"https:\/\/affise.com\/es\/#\/schema\/logo\/image\/","url":"https:\/\/affise.com\/wp-content\/uploads\/2021\/09\/affise-logo-banner.jpg","contentUrl":"https:\/\/affise.com\/wp-content\/uploads\/2021\/09\/affise-logo-banner.jpg","width":1080,"height":1080,"caption":"Affise Technologies Ltd"},"image":{"@id":"https:\/\/affise.com\/es\/#\/schema\/logo\/image\/"},"sameAs":["https:\/\/www.facebook.com\/getaffise","https:\/\/twitter.com\/GetAffise","https:\/\/www.instagram.com\/getaffise\/","https:\/\/www.linkedin.com\/company\/affise-com\/","https:\/\/medium.com\/@affise","https:\/\/www.youtube.com\/channel\/UCkSVBagxxJzOxhmQ1KXAzPw"]}]}},"_links":{"self":[{"href":"https:\/\/affise.com\/es\/wp-json\/wp\/v2\/pages\/47294"}],"collection":[{"href":"https:\/\/affise.com\/es\/wp-json\/wp\/v2\/pages"}],"about":[{"href":"https:\/\/affise.com\/es\/wp-json\/wp\/v2\/types\/page"}],"author":[{"embeddable":true,"href":"https:\/\/affise.com\/es\/wp-json\/wp\/v2\/users\/29"}],"replies":[{"embeddable":true,"href":"https:\/\/affise.com\/es\/wp-json\/wp\/v2\/comments?post=47294"}],"version-history":[{"count":1,"href":"https:\/\/affise.com\/es\/wp-json\/wp\/v2\/pages\/47294\/revisions"}],"predecessor-version":[{"id":81078,"href":"https:\/\/affise.com\/es\/wp-json\/wp\/v2\/pages\/47294\/revisions\/81078"}],"wp:attachment":[{"href":"https:\/\/affise.com\/es\/wp-json\/wp\/v2\/media?parent=47294"}],"curies":[{"name":"wp","href":"https:\/\/api.w.org\/{rel}","templated":true}]}}