{"id":47253,"date":"2019-10-11T09:12:31","date_gmt":"2019-10-11T06:12:31","guid":{"rendered":"https:\/\/affise.com\/fraude-en-el-marketing-de-resultados-tendencias-estadisticas-y-soluciones\/"},"modified":"2025-08-01T19:04:54","modified_gmt":"2025-08-01T16:04:54","slug":"affiliate-marketing-fraud","status":"publish","type":"page","link":"https:\/\/affise.com\/es\/affiliate-marketing-fraud\/","title":{"rendered":"Fraude en el marketing de resultados: Tendencias, estad\u00edsticas y soluciones"},"content":{"rendered":"","protected":false},"excerpt":{"rendered":"","protected":false},"author":29,"featured_media":0,"parent":0,"menu_order":0,"comment_status":"closed","ping_status":"closed","template":"page-templates\/2021_marketing_fraud.php","meta":{"_acf_changed":false,"content-type":"","inline_featured_image":false,"footnotes":""},"acf":[],"yoast_head":"<!-- This site is optimized with the Yoast SEO plugin v22.2 - https:\/\/yoast.com\/wordpress\/plugins\/seo\/ -->\n<title>Protecci\u00f3n contra fraude en marketing afiliado<\/title>\n<meta name=\"description\" content=\"Evita fraudes en marketing afiliado con control avanzado, detecci\u00f3n de anomal\u00edas y filtros para campa\u00f1as seguras y rentables.\" \/>\n<meta name=\"robots\" content=\"index, follow, max-snippet:-1, max-image-preview:large, max-video-preview:-1\" \/>\n<link rel=\"canonical\" href=\"https:\/\/affise.com\/es\/affiliate-marketing-fraud\/\" \/>\n<meta property=\"og:locale\" content=\"es_ES\" \/>\n<meta property=\"og:type\" content=\"article\" \/>\n<meta property=\"og:title\" content=\"Protecci\u00f3n contra fraude en marketing afiliado\" \/>\n<meta property=\"og:description\" content=\"La creciente tendencia a perder presupuesto publicitario a causa de actividades fraudulentas ha llevado a Affise a realizar un estudio sobre el fraude en el marketing de resultados para comprender el alcance del problema y proponer soluciones y recomendaciones adecuadas.\" \/>\n<meta property=\"og:url\" content=\"https:\/\/affise.com\/es\/affiliate-marketing-fraud\/\" \/>\n<meta property=\"og:site_name\" content=\"Affise\" \/>\n<meta property=\"article:publisher\" content=\"https:\/\/www.facebook.com\/getaffise\" \/>\n<meta property=\"article:modified_time\" content=\"2025-08-01T16:04:54+00:00\" \/>\n<meta property=\"og:image\" content=\"https:\/\/affise.com\/wp-content\/uploads\/2019\/11\/1-4.png\" \/>\n<meta name=\"twitter:card\" content=\"summary_large_image\" \/>\n<meta name=\"twitter:site\" content=\"@GetAffise\" \/>\n<script type=\"application\/ld+json\" class=\"yoast-schema-graph\">{\"@context\":\"https:\/\/schema.org\",\"@graph\":[{\"@type\":\"WebPage\",\"@id\":\"https:\/\/affise.com\/es\/affiliate-marketing-fraud\/\",\"url\":\"https:\/\/affise.com\/es\/affiliate-marketing-fraud\/\",\"name\":\"Protecci\u00f3n contra fraude en marketing afiliado\",\"isPartOf\":{\"@id\":\"https:\/\/affise.com\/es\/#website\"},\"datePublished\":\"2019-10-11T06:12:31+00:00\",\"dateModified\":\"2025-08-01T16:04:54+00:00\",\"description\":\"Evita fraudes en marketing afiliado con control avanzado, detecci\u00f3n de anomal\u00edas y filtros para campa\u00f1as seguras y rentables.\",\"breadcrumb\":{\"@id\":\"https:\/\/affise.com\/es\/affiliate-marketing-fraud\/#breadcrumb\"},\"inLanguage\":\"es\",\"potentialAction\":[{\"@type\":\"ReadAction\",\"target\":[\"https:\/\/affise.com\/es\/affiliate-marketing-fraud\/\"]}]},{\"@type\":\"BreadcrumbList\",\"@id\":\"https:\/\/affise.com\/es\/affiliate-marketing-fraud\/#breadcrumb\",\"itemListElement\":[{\"@type\":\"ListItem\",\"position\":1,\"name\":\"Home\",\"item\":\"https:\/\/affise.com\/es\/\"},{\"@type\":\"ListItem\",\"position\":2,\"name\":\"Fraude en el marketing de resultados: Tendencias, estad\u00edsticas y soluciones\"}]},{\"@type\":\"WebSite\",\"@id\":\"https:\/\/affise.com\/es\/#website\",\"url\":\"https:\/\/affise.com\/es\/\",\"name\":\"Affise\",\"description\":\"Performance Marketing &amp; Mobile Attribution Platform\",\"publisher\":{\"@id\":\"https:\/\/affise.com\/es\/#organization\"},\"potentialAction\":[{\"@type\":\"SearchAction\",\"target\":{\"@type\":\"EntryPoint\",\"urlTemplate\":\"https:\/\/affise.com\/es\/?s={search_term_string}\"},\"query-input\":\"required name=search_term_string\"}],\"inLanguage\":\"es\"},{\"@type\":\"Organization\",\"@id\":\"https:\/\/affise.com\/es\/#organization\",\"name\":\"Affise Technologies Ltd\",\"alternateName\":\"Affise\",\"url\":\"https:\/\/affise.com\/es\/\",\"logo\":{\"@type\":\"ImageObject\",\"inLanguage\":\"es\",\"@id\":\"https:\/\/affise.com\/es\/#\/schema\/logo\/image\/\",\"url\":\"https:\/\/affise.com\/wp-content\/uploads\/2021\/09\/affise-logo-banner.jpg\",\"contentUrl\":\"https:\/\/affise.com\/wp-content\/uploads\/2021\/09\/affise-logo-banner.jpg\",\"width\":1080,\"height\":1080,\"caption\":\"Affise Technologies Ltd\"},\"image\":{\"@id\":\"https:\/\/affise.com\/es\/#\/schema\/logo\/image\/\"},\"sameAs\":[\"https:\/\/www.facebook.com\/getaffise\",\"https:\/\/twitter.com\/GetAffise\",\"https:\/\/www.instagram.com\/getaffise\/\",\"https:\/\/www.linkedin.com\/company\/affise-com\/\",\"https:\/\/medium.com\/@affise\",\"https:\/\/www.youtube.com\/channel\/UCkSVBagxxJzOxhmQ1KXAzPw\"]}]}<\/script>\n<!-- \/ Yoast SEO plugin. -->","yoast_head_json":{"title":"Protecci\u00f3n contra fraude en marketing afiliado","description":"Evita fraudes en marketing afiliado con control avanzado, detecci\u00f3n de anomal\u00edas y filtros para campa\u00f1as seguras y rentables.","robots":{"index":"index","follow":"follow","max-snippet":"max-snippet:-1","max-image-preview":"max-image-preview:large","max-video-preview":"max-video-preview:-1"},"canonical":"https:\/\/affise.com\/es\/affiliate-marketing-fraud\/","og_locale":"es_ES","og_type":"article","og_title":"Protecci\u00f3n contra fraude en marketing afiliado","og_description":"La creciente tendencia a perder presupuesto publicitario a causa de actividades fraudulentas ha llevado a Affise a realizar un estudio sobre el fraude en el marketing de resultados para comprender el alcance del problema y proponer soluciones y recomendaciones adecuadas.","og_url":"https:\/\/affise.com\/es\/affiliate-marketing-fraud\/","og_site_name":"Affise","article_publisher":"https:\/\/www.facebook.com\/getaffise","article_modified_time":"2025-08-01T16:04:54+00:00","og_image":[{"url":"https:\/\/affise.com\/wp-content\/uploads\/2019\/11\/1-4.png"}],"twitter_card":"summary_large_image","twitter_site":"@GetAffise","schema":{"@context":"https:\/\/schema.org","@graph":[{"@type":"WebPage","@id":"https:\/\/affise.com\/es\/affiliate-marketing-fraud\/","url":"https:\/\/affise.com\/es\/affiliate-marketing-fraud\/","name":"Protecci\u00f3n contra fraude en marketing afiliado","isPartOf":{"@id":"https:\/\/affise.com\/es\/#website"},"datePublished":"2019-10-11T06:12:31+00:00","dateModified":"2025-08-01T16:04:54+00:00","description":"Evita fraudes en marketing afiliado con control avanzado, detecci\u00f3n de anomal\u00edas y filtros para campa\u00f1as seguras y rentables.","breadcrumb":{"@id":"https:\/\/affise.com\/es\/affiliate-marketing-fraud\/#breadcrumb"},"inLanguage":"es","potentialAction":[{"@type":"ReadAction","target":["https:\/\/affise.com\/es\/affiliate-marketing-fraud\/"]}]},{"@type":"BreadcrumbList","@id":"https:\/\/affise.com\/es\/affiliate-marketing-fraud\/#breadcrumb","itemListElement":[{"@type":"ListItem","position":1,"name":"Home","item":"https:\/\/affise.com\/es\/"},{"@type":"ListItem","position":2,"name":"Fraude en el marketing de resultados: Tendencias, estad\u00edsticas y soluciones"}]},{"@type":"WebSite","@id":"https:\/\/affise.com\/es\/#website","url":"https:\/\/affise.com\/es\/","name":"Affise","description":"Performance Marketing &amp; Mobile Attribution Platform","publisher":{"@id":"https:\/\/affise.com\/es\/#organization"},"potentialAction":[{"@type":"SearchAction","target":{"@type":"EntryPoint","urlTemplate":"https:\/\/affise.com\/es\/?s={search_term_string}"},"query-input":"required name=search_term_string"}],"inLanguage":"es"},{"@type":"Organization","@id":"https:\/\/affise.com\/es\/#organization","name":"Affise Technologies Ltd","alternateName":"Affise","url":"https:\/\/affise.com\/es\/","logo":{"@type":"ImageObject","inLanguage":"es","@id":"https:\/\/affise.com\/es\/#\/schema\/logo\/image\/","url":"https:\/\/affise.com\/wp-content\/uploads\/2021\/09\/affise-logo-banner.jpg","contentUrl":"https:\/\/affise.com\/wp-content\/uploads\/2021\/09\/affise-logo-banner.jpg","width":1080,"height":1080,"caption":"Affise Technologies Ltd"},"image":{"@id":"https:\/\/affise.com\/es\/#\/schema\/logo\/image\/"},"sameAs":["https:\/\/www.facebook.com\/getaffise","https:\/\/twitter.com\/GetAffise","https:\/\/www.instagram.com\/getaffise\/","https:\/\/www.linkedin.com\/company\/affise-com\/","https:\/\/medium.com\/@affise","https:\/\/www.youtube.com\/channel\/UCkSVBagxxJzOxhmQ1KXAzPw"]}]}},"_links":{"self":[{"href":"https:\/\/affise.com\/es\/wp-json\/wp\/v2\/pages\/47253"}],"collection":[{"href":"https:\/\/affise.com\/es\/wp-json\/wp\/v2\/pages"}],"about":[{"href":"https:\/\/affise.com\/es\/wp-json\/wp\/v2\/types\/page"}],"author":[{"embeddable":true,"href":"https:\/\/affise.com\/es\/wp-json\/wp\/v2\/users\/29"}],"replies":[{"embeddable":true,"href":"https:\/\/affise.com\/es\/wp-json\/wp\/v2\/comments?post=47253"}],"version-history":[{"count":0,"href":"https:\/\/affise.com\/es\/wp-json\/wp\/v2\/pages\/47253\/revisions"}],"wp:attachment":[{"href":"https:\/\/affise.com\/es\/wp-json\/wp\/v2\/media?parent=47253"}],"curies":[{"name":"wp","href":"https:\/\/api.w.org\/{rel}","templated":true}]}}